{"id":69,"date":"2024-10-18T20:30:55","date_gmt":"2024-10-18T18:30:55","guid":{"rendered":"https:\/\/www.kuumst.sk\/?page_id=69"},"modified":"2024-11-06T07:53:17","modified_gmt":"2024-11-06T06:53:17","slug":"kuumst-uvod","status":"publish","type":"page","link":"https:\/\/www.kuumst.sk\/","title":{"rendered":"KUUM\u0160T  #Uvod"},"content":{"rendered":"\n<div class=\"wp-block-group has-global-padding is-layout-constrained wp-block-group-is-layout-constrained\">\n<h2 class=\"wp-block-heading has-text-align-center festival-heading has-inter-font-family\" style=\"padding-top:0px;padding-bottom:0px;font-size:clamp(37.821px, 2.364rem + ((1vw - 3.2px) * 3.657), 70px);line-height:0.85;text-transform:uppercase\"><strong>KUUM\u0160T      <\/strong><\/h2>\n\n\n\n<h2 class=\"wp-block-heading has-text-align-center festival-heading has-inter-font-family\" style=\"padding-top:0px;padding-bottom:0px;font-size:clamp(37.821px, 2.364rem + ((1vw - 3.2px) * 3.657), 70px);line-height:0.85;text-transform:uppercase\">  Festival<\/h2>\n\n\n\n<h2 class=\"wp-block-heading has-text-align-center festival-heading has-inter-font-family\" style=\"padding-top:0px;padding-bottom:0px;font-size:clamp(37.821px, 2.364rem + ((1vw - 3.2px) * 3.657), 70px);line-height:0.85;text-transform:uppercase\">  kult\u00farno\u2013\u2013<\/h2>\n\n\n\n<h2 class=\"wp-block-heading has-text-align-center festival-heading has-inter-font-family\" style=\"padding-top:0px;padding-bottom:0px;font-size:clamp(37.821px, 2.364rem + ((1vw - 3.2px) * 3.657), 70px);line-height:0.95;text-transform:uppercase\"><em>umeleck\u00e9ho     <\/em><\/h2>\n\n\n\n<h2 class=\"wp-block-heading has-text-align-center festival-heading has-inter-font-family\" style=\"padding-top:0px;padding-bottom:0px;font-size:clamp(37.821px, 2.364rem + ((1vw - 3.2px) * 3.657), 70px);line-height:1.05;text-transform:uppercase\"> \u0161tudentstva<\/h2>\n\n\n\n<h2 class=\"wp-block-heading has-text-align-center festival-heading has-inter-font-family\" style=\"padding-top:0px;padding-bottom:0px;font-size:clamp(37.821px, 2.364rem + ((1vw - 3.2px) * 3.657), 70px);line-height:0.75;text-transform:uppercase\">FAD STU <\/h2>\n\n\n\n<h2 class=\"wp-block-heading has-text-align-center festival-heading has-inter-font-family\" style=\"padding-top:0px;padding-bottom:0px;font-size:clamp(37.821px, 2.364rem + ((1vw - 3.2px) * 3.657), 70px);line-height:1.25;text-transform:uppercase\">V\u0160MU   <\/h2>\n\n\n\n<h2 class=\"wp-block-heading has-text-align-center festival-heading has-inter-font-family\" style=\"padding-top:0px;padding-bottom:0px;font-size:clamp(37.821px, 2.364rem + ((1vw - 3.2px) * 3.657), 70px);line-height:0.55;text-transform:uppercase\">V\u0160VU           <\/h2>\n<\/div>\n\n\n\n<div style=\"height:100px\" aria-hidden=\"true\" class=\"wp-block-spacer\"><\/div>\n\n\n\n<div class=\"wp-block-group has-global-padding is-layout-constrained wp-block-group-is-layout-constrained\">\n<h2 class=\"wp-block-heading has-text-align-center festival-heading has-inter-font-family\" style=\"padding-top:0px;padding-bottom:0px;font-size:clamp(37.821px, 2.364rem + ((1vw - 3.2px) * 3.657), 70px);line-height:0.85;text-transform:uppercase\">@ FAD STU<\/h2>\n\n\n\n<h2 class=\"wp-block-heading has-text-align-center festival-heading has-inter-font-family\" style=\"padding-top:0px;padding-bottom:0px;font-size:clamp(37.821px, 2.364rem + ((1vw - 3.2px) * 3.657), 70px);line-height:1.05;text-transform:uppercase\">18\u2013\u2013\u2013\u201321\/11\/2024<\/h2>\n<\/div>\n\n\n\n<p>jjjjiejwipfjp\u00e4<\/p>\n","protected":false},"excerpt":{"rendered":"<p>KUUM\u0160T Festival kult\u00farno\u2013\u2013 umeleck\u00e9ho \u0161tudentstva FAD STU V\u0160MU V\u0160VU @ FAD STU 18\u2013\u2013\u2013\u201321\/11\/2024 jjjjiejwipfjp\u00e4<\/p>\n","protected":false},"author":1,"featured_media":0,"parent":0,"menu_order":0,"comment_status":"closed","ping_status":"closed","template":"koncept-uvodna-stranka-sablona","meta":{"footnotes":""},"class_list":["post-69","page","type-page","status-publish","hentry"],"_links":{"self":[{"href":"https:\/\/www.kuumst.sk\/index.php\/wp-json\/wp\/v2\/pages\/69","targetHints":{"allow":["GET"]}}],"collection":[{"href":"https:\/\/www.kuumst.sk\/index.php\/wp-json\/wp\/v2\/pages"}],"about":[{"href":"https:\/\/www.kuumst.sk\/index.php\/wp-json\/wp\/v2\/types\/page"}],"author":[{"embeddable":true,"href":"https:\/\/www.kuumst.sk\/index.php\/wp-json\/wp\/v2\/users\/1"}],"replies":[{"embeddable":true,"href":"https:\/\/www.kuumst.sk\/index.php\/wp-json\/wp\/v2\/comments?post=69"}],"version-history":[{"count":9,"href":"https:\/\/www.kuumst.sk\/index.php\/wp-json\/wp\/v2\/pages\/69\/revisions"}],"predecessor-version":[{"id":481,"href":"https:\/\/www.kuumst.sk\/index.php\/wp-json\/wp\/v2\/pages\/69\/revisions\/481"}],"wp:attachment":[{"href":"https:\/\/www.kuumst.sk\/index.php\/wp-json\/wp\/v2\/media?parent=69"}],"curies":[{"name":"wp","href":"https:\/\/api.w.org\/{rel}","templated":true}]}}